{"id":1169,"date":"2018-05-17T17:19:20","date_gmt":"2018-05-17T15:19:20","guid":{"rendered":"https:\/\/pincin-monticello.hr\/zastita-osobnih-podataka\/"},"modified":"2019-07-10T22:47:23","modified_gmt":"2019-07-10T20:47:23","slug":"zastita-osobnih-podataka","status":"publish","type":"page","link":"https:\/\/pincin-monticello.hr\/it\/zastita-osobnih-podataka\/","title":{"rendered":"Protezione dei dati personali"},"content":{"rendered":"<div class=\"fusion-fullwidth fullwidth-box fusion-builder-row-1 nonhundred-percent-fullwidth non-hundred-percent-height-scrolling\" style=\"--awb-border-radius-top-left:0px;--awb-border-radius-top-right:0px;--awb-border-radius-bottom-right:0px;--awb-border-radius-bottom-left:0px;--awb-flex-wrap:wrap;\" ><div class=\"fusion-builder-row fusion-row\"><div class=\"fusion-layout-column fusion_builder_column fusion-builder-column-0 fusion_builder_column_1_6 1_6 fusion-one-sixth fusion-column-first\" style=\"--awb-bg-size:cover;width:16.666666666667%;width:calc(16.666666666667% - ( ( 4% + 4% ) * 0.16666666666667 ) );margin-right: 4%;\"><div class=\"fusion-column-wrapper fusion-flex-column-wrapper-legacy\"><div class=\"fusion-clearfix\"><\/div><\/div><\/div><div class=\"fusion-layout-column fusion_builder_column fusion-builder-column-1 fusion_builder_column_2_3 2_3 fusion-two-third\" style=\"--awb-bg-size:cover;width:66.666666666667%;width:calc(66.666666666667% - ( ( 4% + 4% ) * 0.66666666666667 ) );margin-right: 4%;\"><div class=\"fusion-column-wrapper fusion-flex-column-wrapper-legacy\"><div class=\"fusion-text fusion-text-1\"><p style=\"text-align: justify;\">Protezione delle informazioni personali sul sito web pincin-monticello.hr.<\/p>\n<p style=\"text-align: justify;\"><strong>Dati che raccogliamo<\/strong><\/p>\n<p style=\"text-align: justify;\">L&#8217;accesso al sito web di pincin-monticello.hr \u00e8 gratuito e non \u00e8 richiesta alcuna registrazione. Contattando tramite modulo di contatto o via e-mail, si inseriscono i propri dati (contatto, nome e cognome, e nel testo del messaggio si prega di fornire alcune informazioni personali). Questa informazione \u00e8 disponibile solo a Pincin Monticello, al quale \u00e8 rivolta la sua richiesta. Fornire le proprie informazioni personali \u00e8 un atto puramente volontario. Non elaboriamo pi\u00f9 informazioni personali di quelle necessarie per rispondere alla sua domanda.<\/p>\n<p style=\"text-align: justify;\"><strong>Protezione delle informazioni personali<\/strong><\/p>\n<p style=\"text-align: justify;\">Pincin Monticello rispetta la tua privacy e tratta le tue informazioni personali onestamente e legalmente. Conserviamo le vostre informazioni personali elettronicamente e, ai fini della protezione, applichiamo le misure tecniche, organizzative e di protezione dei dati personali e delle procedure per impedire l&#8217;accesso non autorizzato ai dati personali.<\/p>\n<p style=\"text-align: justify;\"><strong>Messaggi in formato elettronico<\/strong><\/p>\n<p style=\"text-align: justify;\">Quando ci invia una e-mail con le sue informazioni personali grazie alle quali possimao identificarla, indipendentemente dal fatto che sia una domanda via mail elettronica o domanda fatta con l&#8217;uso dei moduli di contatto trovati sul sito web pincin-monticello.hr, recapitata tramite posta elettronica, usiamo queste informazioni solo allo scopo di soddisfare le tue domande. Non elaboriamo le informazioni personali per scopi di marketing e vengono cancellati dal nostro programma di posta entro la fine dell&#8217;anno civile, a meno che tu non sia diventato nostro cliente e poi inserito nel database del cliente per la fattura per il servizio concordato.<\/p>\n<p style=\"text-align: justify;\"><strong>Eliminazione e accesso alle informazioni personali<\/strong><\/p>\n<p style=\"text-align: justify;\">Le informazioni personali che ci ha fornito si conservano solo per il periodo sufficiente a soddisfare lo scopo iniziale della loro raccolta. Siete autorizzati in qualsiasi momento a richiedere informazioni su quali dati personali ha nel nostro database di posta elettronica, nonch\u00e9 a richiedere la modifica di tutte o alcune informazioni personali (Diritto alla correzione) o di eliminarle (Diritto di cancellazione). Ci\u00f2 sar\u00e0 possibile contattando <a href=\"mailto:info@pincin-monticello.hr\">info@pincin-monticello.hr<\/a> e inviando una notifica con la sua richiesta. Se pubblichi una di queste richieste, faremo ogni adeguato controllo per confermare la sua identit\u00e0 e impedire l&#8217;accesso non autorizzato alle sue informazioni personali.<\/p>\n<p style=\"text-align: justify;\"><strong>Fornire dati personali ad altri destinatari<\/strong><\/p>\n<p style=\"text-align: justify;\">Non forniamo le informazioni personali ad altri destinatari. Tuttavia, sul sito web di pincin-monticello.hr trover\u00e0 collegamenti ad altri siti web. L&#8217;informativa sulla privacy su questi portali potrebbe essere diversa dall&#8217;Informativa sulla privacy di pincin-monticello.hr. Sul nostro sito possiamo anche offrirti l&#8217;uso dei social network Pincin Monticello (Facebook, Instagram, Linkedin, Google) e altri servizi di Google Maps, YouTube che consentono la condivisione dei dati personali.<\/p>\n<p style=\"text-align: justify;\"><strong>Statistiche del server e Google Analytics<\/strong><\/p>\n<p style=\"text-align: justify;\">Tutti i siti Web controllati da Pincin Monticello, incluso questo sito, possono utilizzare Google Analytics &#8211; un servizio di analisi Internet fornito da Google Inc. (di seguito denominato Google). Google Analytics utilizza &#8220;cookie&#8221; &#8211; piccoli file di testo che vengono automaticamente posizionati sul disco rigido di un utente &#8211; allo scopo di analizzare le abitudini dell&#8217;utente. I dati raccolti tramite &#8220;cookie&#8221; sull&#8217;utilizzo del Sito (incluso l&#8217;indirizzo IP dell&#8217;utente) sono trasmessi e archiviati da Google ai server situati negli Stati Uniti. Google utilizzer\u00e0 i dati raccolti per valutare l&#8217;utilizzo del Sito, generare rapporti sulle attivit\u00e0 del sito per le esigenze degli operatori di siti Internet e fornire altri servizi relativi all&#8217;uso del Sito e, in generale, l&#8217;uso di Internet. Google pu\u00f2 anche trasferire queste informazioni a terzi quando sono legalmente prescritte o quando le terze parti interessate trattano dati per conto di Google. Google non collegher\u00e0 l&#8217;indirizzo IP dell&#8217;utente a nessun altro dato raccolto da Google. \u00c8 possibile opporsi all&#8217;uso dei &#8220;cookie&#8221; scegliendo le impostazioni appropriate sul proprio browser, quindi sii consapevole che ci\u00f2 potrebbe influire sulla piena funzionalit\u00e0 del Sito. Utilizzando il Sito, accetti di elaborare le tue informazioni personali da Google secondo le modalit\u00e0 sopra menzionate. Pertanto, si prega di familiarizzare con l&#8217;Informativa sulla privacy applicabile ad altri siti Web e social network.<\/p>\n<p style=\"text-align: justify;\"><strong>Misure protettive<\/strong><\/p>\n<p style=\"text-align: justify;\">Pincin Monticello utilizza misure tecnologiche e di sicurezza, regole e altre procedure per proteggere le informazioni personali di questo sito da accessi non autorizzati, uso improprio, rilevamento, perdita o distruzione. Al fine di proteggere la privacy degli utenti del sito, Pincin Monticello utilizza misure di sicurezza standard del settore, come protezione firewall e password. Tuttavia, l&#8217;utente \u00e8 anche tenuto a garantire che il computer sia utilizzato in modo sicuro e protetto da software dannoso come trojan, virus informatici e worm. L&#8217;Utente \u00e8 consapevole che senza adeguate misure di sicurezza (come la configurazione sicura del browser Internet, programmi antivirus aggiornati, programmi firewall personali, programmi inutilizzati da fonti sospette) c&#8217;\u00e8 il rischio che i dati e le password utilizzati per impedire l&#8217;accesso alle informazioni personali possano essere rilevati da terze parti non autorizzate persone.<\/p>\n<p style=\"text-align: justify;\"><strong>Protezione dei minori<\/strong><\/p>\n<p style=\"text-align: justify;\">Questo sito \u00e8 destinato agli adulti. Pincin Monticello non raccoglie informazioni personali sui minori (definite come persone di et\u00e0 inferiore ai 18 anni) senza il previo, verificabile consenso del suo legale rappresentante. Il legale rappresentante d&#8217;appello ha il diritto, su sua richiesta, di rivedere le informazioni fornite dal minore e \/ o richiedere la cancellazione di tali informazioni.<\/p>\n<p style=\"text-align: justify;\"><strong>Limitazione di responsabilit\u00e0<\/strong><\/p>\n<p style=\"text-align: justify;\">Pur mettendo a disposizione misure tecniche, organizzative e personali per impedire la divulgazione non autorizzata dei dati personali dell&#8217;utente, non possiamo garantire che alcune delle informazioni personali che raccogliamo non saranno mai divulgate accidentalmente, contrariamente a quanto previsto dalla presente Informativa sulla privacy. Nella misura massima consentita dalla legge, escludiamo responsabilit\u00e0 per danni causati a utenti o terze persone rivelando accidentalmente informazioni personali.<\/p>\n<p style=\"text-align: justify;\"><strong>Statistiche del server<\/strong><\/p>\n<p style=\"text-align: justify;\">Questo sito web utilizza Google Analytics per misurare le statistiche dei visitatori.<\/p>\n<p style=\"text-align: justify;\"><strong>Responsabile della protezione dei dati personali<\/strong><\/p>\n<p style=\"text-align: justify;\">Pincin Monticello<\/p>\n<p style=\"text-align: justify;\">Monti\u017eel 59, Zavr\u0161je<br \/>\n52429 Gro\u017enjan<br \/>\ntel 00385 052\/ 776 212<br \/>\ne-mail: <a href=\"mailto:info@pincin-monticello.hr\">info@pincin-monticello.hr<\/a><\/p>\n<p style=\"text-align: justify;\">Utilizzando il sito pincin-monticello.hr l&#8217;utente d\u00e0 il consenso al trattamento dei dati personali secondo le modalit\u00e0 sopra indicate.<\/p>\n<\/div><div class=\"fusion-clearfix\"><\/div><\/div><\/div><div class=\"fusion-layout-column fusion_builder_column fusion-builder-column-2 fusion_builder_column_1_6 1_6 fusion-one-sixth fusion-column-last\" style=\"--awb-bg-size:cover;width:16.666666666667%;width:calc(16.666666666667% - ( ( 4% + 4% ) * 0.16666666666667 ) );\"><div class=\"fusion-column-wrapper fusion-flex-column-wrapper-legacy\"><div class=\"fusion-clearfix\"><\/div><\/div><\/div><\/div><\/div>\n","protected":false},"excerpt":{"rendered":"","protected":false},"author":1,"featured_media":0,"parent":0,"menu_order":0,"comment_status":"closed","ping_status":"closed","template":"","meta":{"_acf_changed":false,"footnotes":""},"class_list":["post-1169","page","type-page","status-publish","hentry"],"acf":[],"yoast_head":"<!-- This site is optimized with the Yoast SEO plugin v27.1.1 - https:\/\/yoast.com\/product\/yoast-seo-wordpress\/ -->\n<title>Protezione dei dati personali - Monticello<\/title>\n<meta name=\"robots\" content=\"index, follow, max-snippet:-1, max-image-preview:large, max-video-preview:-1\" \/>\n<link rel=\"canonical\" href=\"https:\/\/pincin-monticello.hr\/zastita-osobnih-podataka\/\" \/>\n<meta property=\"og:locale\" content=\"it_IT\" \/>\n<meta property=\"og:type\" content=\"article\" \/>\n<meta property=\"og:title\" content=\"Protezione dei dati personali - Monticello\" \/>\n<meta property=\"og:url\" content=\"https:\/\/pincin-monticello.hr\/zastita-osobnih-podataka\/\" \/>\n<meta property=\"og:site_name\" content=\"Monticello\" \/>\n<meta property=\"article:modified_time\" content=\"2019-07-10T20:47:23+00:00\" \/>\n<meta name=\"twitter:card\" content=\"summary_large_image\" \/>\n<meta name=\"twitter:label1\" content=\"Tempo di lettura stimato\" \/>\n\t<meta name=\"twitter:data1\" content=\"6 minuti\" \/>\n<script type=\"application\/ld+json\" class=\"yoast-schema-graph\">{\"@context\":\"https:\/\/schema.org\",\"@graph\":[{\"@type\":\"WebPage\",\"@id\":\"https:\/\/pincin-monticello.hr\/zastita-osobnih-podataka\/\",\"url\":\"https:\/\/pincin-monticello.hr\/zastita-osobnih-podataka\/\",\"name\":\"Protezione dei dati personali - Monticello\",\"isPartOf\":{\"@id\":\"https:\/\/pincin-monticello.hr\/#website\"},\"datePublished\":\"2018-05-17T15:19:20+00:00\",\"dateModified\":\"2019-07-10T20:47:23+00:00\",\"breadcrumb\":{\"@id\":\"https:\/\/pincin-monticello.hr\/zastita-osobnih-podataka\/#breadcrumb\"},\"inLanguage\":\"it-IT\",\"potentialAction\":[{\"@type\":\"ReadAction\",\"target\":[\"https:\/\/pincin-monticello.hr\/zastita-osobnih-podataka\/\"]}]},{\"@type\":\"BreadcrumbList\",\"@id\":\"https:\/\/pincin-monticello.hr\/zastita-osobnih-podataka\/#breadcrumb\",\"itemListElement\":[{\"@type\":\"ListItem\",\"position\":1,\"name\":\"Po\u010detna stranica\",\"item\":\"https:\/\/pincin-monticello.hr\/\"},{\"@type\":\"ListItem\",\"position\":2,\"name\":\"Protezione dei dati personali\"}]},{\"@type\":\"WebSite\",\"@id\":\"https:\/\/pincin-monticello.hr\/#website\",\"url\":\"https:\/\/pincin-monticello.hr\/\",\"name\":\"Monticello\",\"description\":\"Real Istrian taste\",\"potentialAction\":[{\"@type\":\"SearchAction\",\"target\":{\"@type\":\"EntryPoint\",\"urlTemplate\":\"https:\/\/pincin-monticello.hr\/?s={search_term_string}\"},\"query-input\":{\"@type\":\"PropertyValueSpecification\",\"valueRequired\":true,\"valueName\":\"search_term_string\"}}],\"inLanguage\":\"it-IT\"}]}<\/script>\n<!-- \/ Yoast SEO plugin. -->","yoast_head_json":{"title":"Protezione dei dati personali - Monticello","robots":{"index":"index","follow":"follow","max-snippet":"max-snippet:-1","max-image-preview":"max-image-preview:large","max-video-preview":"max-video-preview:-1"},"canonical":"https:\/\/pincin-monticello.hr\/zastita-osobnih-podataka\/","og_locale":"it_IT","og_type":"article","og_title":"Protezione dei dati personali - Monticello","og_url":"https:\/\/pincin-monticello.hr\/zastita-osobnih-podataka\/","og_site_name":"Monticello","article_modified_time":"2019-07-10T20:47:23+00:00","twitter_card":"summary_large_image","twitter_misc":{"Tempo di lettura stimato":"6 minuti"},"schema":{"@context":"https:\/\/schema.org","@graph":[{"@type":"WebPage","@id":"https:\/\/pincin-monticello.hr\/zastita-osobnih-podataka\/","url":"https:\/\/pincin-monticello.hr\/zastita-osobnih-podataka\/","name":"Protezione dei dati personali - Monticello","isPartOf":{"@id":"https:\/\/pincin-monticello.hr\/#website"},"datePublished":"2018-05-17T15:19:20+00:00","dateModified":"2019-07-10T20:47:23+00:00","breadcrumb":{"@id":"https:\/\/pincin-monticello.hr\/zastita-osobnih-podataka\/#breadcrumb"},"inLanguage":"it-IT","potentialAction":[{"@type":"ReadAction","target":["https:\/\/pincin-monticello.hr\/zastita-osobnih-podataka\/"]}]},{"@type":"BreadcrumbList","@id":"https:\/\/pincin-monticello.hr\/zastita-osobnih-podataka\/#breadcrumb","itemListElement":[{"@type":"ListItem","position":1,"name":"Po\u010detna stranica","item":"https:\/\/pincin-monticello.hr\/"},{"@type":"ListItem","position":2,"name":"Protezione dei dati personali"}]},{"@type":"WebSite","@id":"https:\/\/pincin-monticello.hr\/#website","url":"https:\/\/pincin-monticello.hr\/","name":"Monticello","description":"Real Istrian taste","potentialAction":[{"@type":"SearchAction","target":{"@type":"EntryPoint","urlTemplate":"https:\/\/pincin-monticello.hr\/?s={search_term_string}"},"query-input":{"@type":"PropertyValueSpecification","valueRequired":true,"valueName":"search_term_string"}}],"inLanguage":"it-IT"}]}},"_links":{"self":[{"href":"https:\/\/pincin-monticello.hr\/it\/wp-json\/wp\/v2\/pages\/1169","targetHints":{"allow":["GET"]}}],"collection":[{"href":"https:\/\/pincin-monticello.hr\/it\/wp-json\/wp\/v2\/pages"}],"about":[{"href":"https:\/\/pincin-monticello.hr\/it\/wp-json\/wp\/v2\/types\/page"}],"author":[{"embeddable":true,"href":"https:\/\/pincin-monticello.hr\/it\/wp-json\/wp\/v2\/users\/1"}],"replies":[{"embeddable":true,"href":"https:\/\/pincin-monticello.hr\/it\/wp-json\/wp\/v2\/comments?post=1169"}],"version-history":[{"count":4,"href":"https:\/\/pincin-monticello.hr\/it\/wp-json\/wp\/v2\/pages\/1169\/revisions"}],"predecessor-version":[{"id":1186,"href":"https:\/\/pincin-monticello.hr\/it\/wp-json\/wp\/v2\/pages\/1169\/revisions\/1186"}],"wp:attachment":[{"href":"https:\/\/pincin-monticello.hr\/it\/wp-json\/wp\/v2\/media?parent=1169"}],"curies":[{"name":"wp","href":"https:\/\/api.w.org\/{rel}","templated":true}]}}